{"id":51,"date":"2025-05-19T18:06:12","date_gmt":"2025-05-19T16:06:12","guid":{"rendered":"http:\/\/pr.roud.cz\/?page_id=51"},"modified":"2025-05-19T18:38:58","modified_gmt":"2025-05-19T16:38:58","slug":"informacni-povinnost","status":"publish","type":"page","link":"https:\/\/pr.roud.cz\/?page_id=51","title":{"rendered":"Informa\u010dn\u00ed povinnost"},"content":{"rendered":"\t\t<div data-elementor-type=\"wp-page\" data-elementor-id=\"51\" class=\"elementor elementor-51\">\n\t\t\t\t<div class=\"elementor-element elementor-element-370eba2a e-flex e-con-boxed e-con e-parent\" data-id=\"370eba2a\" data-element_type=\"container\" data-e-type=\"container\">\n\t\t\t\t\t<div class=\"e-con-inner\">\n\t\t\t\t<div class=\"elementor-element elementor-element-e3f8637 elementor-widget elementor-widget-heading\" data-id=\"e3f8637\" data-element_type=\"widget\" data-e-type=\"widget\" data-widget_type=\"heading.default\">\n\t\t\t\t<div class=\"elementor-widget-container\">\n\t\t\t\t\t<h2 class=\"elementor-heading-title elementor-size-default\">Informa\u010dn\u00ed povinnost<\/h2>\t\t\t\t<\/div>\n\t\t\t\t<\/div>\n\t\t\t\t<div class=\"elementor-element elementor-element-5e8ea3e elementor-widget elementor-widget-text-editor\" data-id=\"5e8ea3e\" data-element_type=\"widget\" data-e-type=\"widget\" data-widget_type=\"text-editor.default\">\n\t\t\t\t<div class=\"elementor-widget-container\">\n\t\t\t\t\t\t\t\t\t<div class=\"relative\">\n<div class=\"prose text-pretty dark:prose-invert inline leading-normal break-words min-w-0 [word-break:break-word]\">\n<p class=\"my-0\">Na t\u00e9to str\u00e1nce v\u00e1m zp\u0159\u00edstup\u0148ujeme povinn\u011b zve\u0159ej\u0148ovan\u00e9 informace a dokumenty investi\u010dn\u00edho fondu, jak vy\u017eaduje platn\u00e1 legislativa \u010cesk\u00e9 republiky. Transparentnost a informovanost investor\u016f je pro n\u00e1s prioritou, proto zde pravideln\u011b aktualizujeme v\u0161echny d\u016fle\u017eit\u00e9 materi\u00e1ly t\u00fdkaj\u00edc\u00ed se fungov\u00e1n\u00ed fondu.<\/p>\n<p class=\"my-0\">N\u00ed\u017ee naleznete p\u0159ehledn\u011b se\u0159azen\u00e9 dokumenty, kter\u00e9 obsahuj\u00ed kl\u00ed\u010dov\u00e9 informace o investi\u010dn\u00ed strategii fondu, jeho hospoda\u0159en\u00ed, slo\u017een\u00ed portfolia a dal\u0161\u00edch aspektech d\u016fle\u017eit\u00fdch pro va\u0161e investi\u010dn\u00ed rozhodov\u00e1n\u00ed. Ve\u0161ker\u00e9 informace jsou poskytov\u00e1ny v souladu se z\u00e1konn\u00fdmi po\u017eadavky a jsou v\u00e1m kdykoliv k dispozici ke sta\u017een\u00ed \u010di nahl\u00e9dnut\u00ed.<\/p>\n<p class=\"my-0\">Pokud byste pot\u0159ebovali dal\u0161\u00ed vysv\u011btlen\u00ed nebo dopl\u0148uj\u00edc\u00ed informace k jednotliv\u00fdm dokument\u016fm, nev\u00e1hejte n\u00e1s kontaktovat prost\u0159ednictv\u00edm uveden\u00fdch kontakt\u016f. Na\u0161\u00edm c\u00edlem je zajistit v\u00e1m maxim\u00e1ln\u00ed p\u0159ehled a jistotu p\u0159i spr\u00e1v\u011b va\u0161ich investic.<\/p>\n<p class=\"my-0\">N\u00ed\u017ee pokra\u010duj\u00ed povinn\u011b zve\u0159ej\u0148ovan\u00e9 informace:<\/p>\n<\/div>\n<\/div>\t\t\t\t\t\t\t\t<\/div>\n\t\t\t\t<\/div>\n\t\t\t\t<div class=\"elementor-element elementor-element-ae5a6e8 elementor-widget elementor-widget-shortcode\" data-id=\"ae5a6e8\" data-element_type=\"widget\" data-e-type=\"widget\" data-widget_type=\"shortcode.default\">\n\t\t\t\t<div class=\"elementor-widget-container\">\n\t\t\t\t\t\t\t<div class=\"elementor-shortcode\"><div class=\"bsk-pdfm-output-container shortcode-pdfs layout-ul\"><div class=\"bsk-pdfm-pdfs-output pdfs-in-ul\"><ul class=\"bsk-pdfm-pdfs-ul-list bsk-pdfm-without-featured-image bsk-pdfm-without-description bsk-pdfm-with-title\">\n<li class=\"bsk-pdfm-list-item list-item-odd\" data-date=\"2026-04-15-St\" data-id=\"17\">\n<a href=\"https:\/\/pr.roud.cz\/wp-content\/uploads\/bsk-pdf-manager\/2026\/04\/30-12-2025-14h-VH-Doplneni-pozvanky-PRAGORENT-SICAV.pdf\" target=&quot;_blank&quot;  title=\"30-12-2025 14h VH Dopln\u011bn\u00ed pozv\u00e1nky PRAGORENT SICAV\" class=\"bsk-pdfm-pdf-link-for-title pdf-id-17\"><span class=\"bsk-pdfm-pdf-date\">15.04.2026 - <\/span><span class=\"bsk-pdfm-pdf-title-string\">30-12-2025 14h VH Dopln\u011bn\u00ed pozv\u00e1nky PRAGORENT SICAV<\/span><\/a><\/li>\n<li class=\"bsk-pdfm-list-item list-item-even\" data-date=\"2026-04-14-\u00dat\" data-id=\"16\">\n<a href=\"https:\/\/pr.roud.cz\/wp-content\/uploads\/bsk-pdf-manager\/2026\/04\/27-11-2025-14h-PRAGORENT-SICAV-Pozvanka-na-VH-30-12-2025.pdf\" target=&quot;_blank&quot;  title=\"27-11-2025 14h PRAGORENT SICAV Pozv\u00e1nka na VH 30-12-2025\" class=\"bsk-pdfm-pdf-link-for-title pdf-id-16\"><span class=\"bsk-pdfm-pdf-date\">14.04.2026 - <\/span><span class=\"bsk-pdfm-pdf-title-string\">27-11-2025 14h PRAGORENT SICAV Pozv\u00e1nka na VH 30-12-2025<\/span><\/a><\/li>\n<li class=\"bsk-pdfm-list-item list-item-odd\" data-date=\"2026-04-13-Po\" data-id=\"15\">\n<a href=\"https:\/\/pr.roud.cz\/wp-content\/uploads\/bsk-pdf-manager\/2026\/04\/30-12-2025_Politika-odmenovani_PRAGORENT-SICAV-002.pdf\" target=&quot;_blank&quot;  title=\"30-12-2025_Politika odm\u011b\u0148ov\u00e1n\u00ed_PRAGORENT SICAV (002)\" class=\"bsk-pdfm-pdf-link-for-title pdf-id-15\"><span class=\"bsk-pdfm-pdf-date\">13.04.2026 - <\/span><span class=\"bsk-pdfm-pdf-title-string\">30-12-2025_Politika odm\u011b\u0148ov\u00e1n\u00ed_PRAGORENT SICAV (002)<\/span><\/a><\/li>\n<li class=\"bsk-pdfm-list-item list-item-even\" data-date=\"2026-04-12-Ne\" data-id=\"14\">\n<a href=\"https:\/\/pr.roud.cz\/wp-content\/uploads\/bsk-pdf-manager\/2026\/04\/1-8-2025-PRAGORENT-SICAV-Stanovy.pdf\" target=&quot;_blank&quot;  title=\"1-8-2025 PRAGORENT SICAV Stanovy\" class=\"bsk-pdfm-pdf-link-for-title pdf-id-14\"><span class=\"bsk-pdfm-pdf-date\">12.04.2026 - <\/span><span class=\"bsk-pdfm-pdf-title-string\">1-8-2025 PRAGORENT SICAV Stanovy<\/span><\/a><\/li>\n<li class=\"bsk-pdfm-list-item list-item-odd\" data-date=\"2026-04-11-So\" data-id=\"13\">\n<a href=\"https:\/\/pr.roud.cz\/wp-content\/uploads\/bsk-pdf-manager\/2026\/04\/1-8-2025-PRAGORENT-SICAV-Statut.pdf\" target=&quot;_blank&quot;  title=\"1-8-2025 PRAGORENT SICAV Statut\" class=\"bsk-pdfm-pdf-link-for-title pdf-id-13\"><span class=\"bsk-pdfm-pdf-date\">11.04.2026 - <\/span><span class=\"bsk-pdfm-pdf-title-string\">1-8-2025 PRAGORENT SICAV Statut<\/span><\/a><\/li>\n<li class=\"bsk-pdfm-list-item list-item-even\" data-date=\"2026-04-10-P\u00e1\" data-id=\"12\">\n<a href=\"https:\/\/pr.roud.cz\/wp-content\/uploads\/bsk-pdf-manager\/2026\/04\/Publicita-1.pdf\" target=&quot;_blank&quot;  title=\"Publicita \u2013 FVE Hostiva\u0159 I, \u010d\u00edslo projektu CZ.31.3.0\/0.0\/0.0\/22_001\/0007072 je spolufinancov\u00e1n Evropskou uni\u00ed\" class=\"bsk-pdfm-pdf-link-for-title pdf-id-12\"><span class=\"bsk-pdfm-pdf-date\">10.04.2026 - <\/span><span class=\"bsk-pdfm-pdf-title-string\">Publicita \u2013 FVE Hostiva\u0159 I, \u010d\u00edslo projektu CZ.31.3.0\/0.0\/0.0\/22_001\/0007072 je spolufinancov\u00e1n Evropskou uni\u00ed<\/span><\/a><\/li>\n<li class=\"bsk-pdfm-list-item list-item-odd\" data-date=\"2026-04-09-\u010ct\" data-id=\"11\">\n<a href=\"https:\/\/pr.roud.cz\/wp-content\/uploads\/bsk-pdf-manager\/2026\/04\/Publicita-PRAGORENT-Ceska-Lipa.pdf\" target=&quot;_blank&quot;  title=\"Publicita PRAGORENT \u010cesk\u00e1 L\u00edpa\" class=\"bsk-pdfm-pdf-link-for-title pdf-id-11\"><span class=\"bsk-pdfm-pdf-date\">09.04.2026 - <\/span><span class=\"bsk-pdfm-pdf-title-string\">Publicita PRAGORENT \u010cesk\u00e1 L\u00edpa<\/span><\/a><\/li>\n<\/ul><\/div><!-- \/\/end for bsk-pdfm-pdfs-output --><div class=\"bsk-pdfm-pdfs-shortcode-attr\"><input type=\"hidden\" class=\"bsk-pdfm-shortcode-attr\" data-attr_name=\"ul_or_ol\" value=\"ul\" \/><input type=\"hidden\" class=\"bsk-pdfm-shortcode-attr\" data-attr_name=\"id\" value=\"ALL\" \/><input type=\"hidden\" class=\"bsk-pdfm-shortcode-attr\" data-attr_name=\"link_only\" value=\"no\" \/><input type=\"hidden\" class=\"bsk-pdfm-shortcode-attr\" data-attr_name=\"url_only\" value=\"no\" \/><input type=\"hidden\" class=\"bsk-pdfm-shortcode-attr\" data-attr_name=\"order_by\" value=\"date\" \/><input type=\"hidden\" class=\"bsk-pdfm-shortcode-attr\" data-attr_name=\"order\" value=\"DESC\" \/><input type=\"hidden\" class=\"bsk-pdfm-shortcode-attr\" data-attr_name=\"target\" value=\"_blank\" \/><input type=\"hidden\" class=\"bsk-pdfm-shortcode-attr\" data-attr_name=\"most_top\" value=\"0\" \/><input type=\"hidden\" class=\"bsk-pdfm-shortcode-attr\" data-attr_name=\"nofollow_tag\" value=\"no\" \/><input type=\"hidden\" class=\"bsk-pdfm-shortcode-attr\" data-attr_name=\"noopener_tag\" value=\"no\" \/><input type=\"hidden\" class=\"bsk-pdfm-shortcode-attr\" data-attr_name=\"noreferrer_tag\" value=\"no\" \/><input type=\"hidden\" class=\"bsk-pdfm-shortcode-attr\" data-attr_name=\"show_date\" value=\"yes\" \/><input type=\"hidden\" class=\"bsk-pdfm-shortcode-attr\" data-attr_name=\"date_format\" value=\"d.m.Y - \" \/><input type=\"hidden\" class=\"bsk-pdfm-shortcode-attr\" data-attr_name=\"date_before_title\" value=\"yes\" \/><input type=\"hidden\" class=\"bsk-pdfm-shortcode-attr\" data-attr_name=\"show_count_desc\" value=\"no\" \/><input type=\"hidden\" class=\"bsk-pdfm-shortcode-attr\" data-attr_name=\"extension_filter\" value=\"no\" \/><input type=\"hidden\" class=\"bsk-pdfm-shortcode-attr\" data-attr_name=\"tags\" value=\"no\" \/><input type=\"hidden\" class=\"bsk-pdfm-shortcode-attr\" data-attr_name=\"tags_specific\" value=\"\" \/><input type=\"hidden\" class=\"bsk-pdfm-shortcode-attr\" data-attr_name=\"tags_default\" value=\"\" \/><input type=\"hidden\" class=\"bsk-pdfm-shortcode-attr\" data-attr_name=\"tags_exclude\" value=\"\" \/><input type=\"hidden\" class=\"bsk-pdfm-shortcode-attr\" data-attr_name=\"tags_align_right\" value=\"no\" \/><input type=\"hidden\" class=\"bsk-pdfm-shortcode-attr\" data-attr_name=\"output_container_class\" value=\"\" \/><input type=\"hidden\" class=\"bsk-pdfm-pdfs-ajax-nonce\" value=\"642d8c7fb6\"><!-- \/\/bsk-pdfm-pdfs-shortcode-attr --><\/div><\/div><!-- \/\/end for bsk-pdfm-output-container--><\/div>\n\t\t\t\t\t\t<\/div>\n\t\t\t\t<\/div>\n\t\t\t\t\t<\/div>\n\t\t\t\t<\/div>\n\t\t\t\t<\/div>\n\t\t","protected":false},"excerpt":{"rendered":"<p>Informa\u010dn\u00ed povinnost Na t\u00e9to str\u00e1nce v\u00e1m zp\u0159\u00edstup\u0148ujeme povinn\u011b zve\u0159ej\u0148ovan\u00e9 informace a dokumenty investi\u010dn\u00edho fondu, jak vy\u017eaduje platn\u00e1 legislativa \u010cesk\u00e9 republiky. [&hellip;]<\/p>\n","protected":false},"author":1,"featured_media":0,"parent":0,"menu_order":0,"comment_status":"closed","ping_status":"closed","template":"elementor_header_footer","meta":{"site-sidebar-layout":"default","site-content-layout":"","ast-site-content-layout":"default","site-content-style":"default","site-sidebar-style":"default","ast-global-header-display":"","ast-banner-title-visibility":"","ast-main-header-display":"","ast-hfb-above-header-display":"","ast-hfb-below-header-display":"","ast-hfb-mobile-header-display":"","site-post-title":"","ast-breadcrumbs-content":"","ast-featured-img":"","footer-sml-layout":"","ast-disable-related-posts":"","theme-transparent-header-meta":"","adv-header-id-meta":"","stick-header-meta":"","header-above-stick-meta":"","header-main-stick-meta":"","header-below-stick-meta":"","astra-migrate-meta-layouts":"default","ast-page-background-enabled":"default","ast-page-background-meta":{"desktop":{"background-color":"var(--ast-global-color-5)","background-image":"","background-repeat":"repeat","background-position":"center center","background-size":"auto","background-attachment":"scroll","background-type":"","background-media":"","overlay-type":"","overlay-color":"","overlay-opacity":"","overlay-gradient":""},"tablet":{"background-color":"","background-image":"","background-repeat":"repeat","background-position":"center center","background-size":"auto","background-attachment":"scroll","background-type":"","background-media":"","overlay-type":"","overlay-color":"","overlay-opacity":"","overlay-gradient":""},"mobile":{"background-color":"","background-image":"","background-repeat":"repeat","background-position":"center center","background-size":"auto","background-attachment":"scroll","background-type":"","background-media":"","overlay-type":"","overlay-color":"","overlay-opacity":"","overlay-gradient":""}},"ast-content-background-meta":{"desktop":{"background-color":"var(--ast-global-color-4)","background-image":"","background-repeat":"repeat","background-position":"center center","background-size":"auto","background-attachment":"scroll","background-type":"","background-media":"","overlay-type":"","overlay-color":"","overlay-opacity":"","overlay-gradient":""},"tablet":{"background-color":"var(--ast-global-color-4)","background-image":"","background-repeat":"repeat","background-position":"center center","background-size":"auto","background-attachment":"scroll","background-type":"","background-media":"","overlay-type":"","overlay-color":"","overlay-opacity":"","overlay-gradient":""},"mobile":{"background-color":"var(--ast-global-color-4)","background-image":"","background-repeat":"repeat","background-position":"center center","background-size":"auto","background-attachment":"scroll","background-type":"","background-media":"","overlay-type":"","overlay-color":"","overlay-opacity":"","overlay-gradient":""}},"footnotes":""},"class_list":["post-51","page","type-page","status-publish","hentry"],"_links":{"self":[{"href":"https:\/\/pr.roud.cz\/index.php?rest_route=\/wp\/v2\/pages\/51","targetHints":{"allow":["GET"]}}],"collection":[{"href":"https:\/\/pr.roud.cz\/index.php?rest_route=\/wp\/v2\/pages"}],"about":[{"href":"https:\/\/pr.roud.cz\/index.php?rest_route=\/wp\/v2\/types\/page"}],"author":[{"embeddable":true,"href":"https:\/\/pr.roud.cz\/index.php?rest_route=\/wp\/v2\/users\/1"}],"replies":[{"embeddable":true,"href":"https:\/\/pr.roud.cz\/index.php?rest_route=%2Fwp%2Fv2%2Fcomments&post=51"}],"version-history":[{"count":18,"href":"https:\/\/pr.roud.cz\/index.php?rest_route=\/wp\/v2\/pages\/51\/revisions"}],"predecessor-version":[{"id":98,"href":"https:\/\/pr.roud.cz\/index.php?rest_route=\/wp\/v2\/pages\/51\/revisions\/98"}],"wp:attachment":[{"href":"https:\/\/pr.roud.cz\/index.php?rest_route=%2Fwp%2Fv2%2Fmedia&parent=51"}],"curies":[{"name":"wp","href":"https:\/\/api.w.org\/{rel}","templated":true}]}}